{"id":306,"date":"2022-07-26T11:33:07","date_gmt":"2022-07-26T09:33:07","guid":{"rendered":"https:\/\/68600.fr\/D6D\/?page_id=306"},"modified":"2023-02-13T16:30:00","modified_gmt":"2023-02-13T15:30:00","slug":"home","status":"publish","type":"page","link":"https:\/\/68600.fr\/D6D\/","title":{"rendered":"Vos id\u00e9es prennent vie !"},"content":{"rendered":"\n<p>Par hasard ou par recommandation&#8230; vous voici ici, Bienvenue.<\/p>\n\n\n\n<p><\/p>\n\n\n\n<p><\/p>\n\n\n\n<p>Passionn\u00e9 de technologie, d&rsquo;automatisation, solveur de probl\u00e8mes&#8230;  (mon <a href=\"https:\/\/68600.fr\/D6D\/histoire\/\" data-type=\"URL\" data-id=\"https:\/\/68600.fr\/D6D\/histoire\/\">histoire sur ce lien<\/a>) le but de D6D n&rsquo;est pas de cr\u00e9er des milliers d&rsquo;unit\u00e9s et ni de g\u00e9n\u00e9rer des millions d&rsquo;euros, mais de proposer aux particuliers et acteurs locaux, des services li\u00e9s au monde num\u00e9rique, \u00e0 port\u00e9e de main &#8211; <a href=\"https:\/\/68600.fr\/D6D\/contact\/\" data-type=\"URL\" data-id=\"https:\/\/68600.fr\/D6D\/contact\/\">devis sur demande<\/a> :<\/p>\n\n\n\n<ul class=\"wp-block-list\">\n<li><a href=\"https:\/\/68600.fr\/D6D\/design-3d\/\" data-type=\"URL\" data-id=\"https:\/\/68600.fr\/D6D\/design-3d\/\">Design 3D <\/a> sur logiciel CAD \/ FAM<br><\/li>\n\n\n\n<li><a href=\"https:\/\/68600.fr\/D6D\/fraisage\/\" data-type=\"URL\" data-id=\"https:\/\/68600.fr\/D6D\/fraisage\/\">Fraisage<\/a> sur tous mat\u00e9riaux<br><\/li>\n\n\n\n<li><a href=\"https:\/\/68600.fr\/D6D\/gravure-laser\/\" data-type=\"URL\" data-id=\"https:\/\/68600.fr\/D6D\/gravure-laser\/\">Gravure Laser<\/a> multi-supports<br><\/li>\n\n\n\n<li><a href=\"https:\/\/68600.fr\/D6D\/impression-3d\/\" data-type=\"URL\" data-id=\"https:\/\/68600.fr\/D6D\/impression-3d\/\">Impression 3D<\/a> (Technologie FDM)<\/li>\n<\/ul>\n\n\n\n<p><\/p>\n\n\n\n<hr class=\"wp-block-separator has-css-opacity\"\/>\n\n\n\n<p>Ce site n&rsquo;est pas un magasin mais un portfolio afin de vous montrer les possibilit\u00e9s.<\/p>\n\n\n\n<p>Plusieurs id\u00e9es, plusieurs besoins.. voici un panel d&rsquo;id\u00e9es&#8230; <\/p>\n\n\n\n<figure class=\"wp-block-gallery has-nested-images columns-default is-cropped wp-block-gallery-1 is-layout-flex wp-block-gallery-is-layout-flex\">\n<figure class=\"wp-block-image size-large\"><a href=\"https:\/\/68600.fr\/D6D\/decoupe-de-contreplaque-au-laser\/\"><img loading=\"lazy\" decoding=\"async\" width=\"640\" height=\"640\" data-id=\"328\" src=\"https:\/\/68600.fr\/D6D\/wp-content\/uploads\/2022\/09\/d6d.jpg\" alt=\"\" class=\"wp-image-328\" srcset=\"https:\/\/68600.fr\/D6D\/wp-content\/uploads\/2022\/09\/d6d.jpg 640w, https:\/\/68600.fr\/D6D\/wp-content\/uploads\/2022\/09\/d6d-300x300.jpg 300w, https:\/\/68600.fr\/D6D\/wp-content\/uploads\/2022\/09\/d6d-150x150.jpg 150w\" sizes=\"auto, (max-width: 640px) 100vw, 640px\" \/><\/a><figcaption class=\"wp-element-caption\"><a href=\"https:\/\/68600.fr\/D6D\/decoupe-de-contreplaque-au-laser\/\" data-type=\"URL\" data-id=\"https:\/\/68600.fr\/D6D\/decoupe-de-contreplaque-au-laser\/\">Logo D6D dans Contreplaqu\u00e9<\/a><\/figcaption><\/figure>\n\n\n\n<figure class=\"wp-block-image size-large\"><a href=\"https:\/\/68600.fr\/D6D\/creation-dune-boite-pour-insert-pour-rising-sun-gravure-sur-contreplaque-5mm\/\"><img loading=\"lazy\" decoding=\"async\" width=\"1024\" height=\"576\" data-id=\"455\" src=\"https:\/\/68600.fr\/D6D\/wp-content\/uploads\/2023\/01\/20221026_161509786.-1024x576.jpg\" alt=\"\" class=\"wp-image-455\" srcset=\"https:\/\/68600.fr\/D6D\/wp-content\/uploads\/2023\/01\/20221026_161509786.-1024x576.jpg 1024w, https:\/\/68600.fr\/D6D\/wp-content\/uploads\/2023\/01\/20221026_161509786.-300x169.jpg 300w, https:\/\/68600.fr\/D6D\/wp-content\/uploads\/2023\/01\/20221026_161509786.-768x432.jpg 768w, https:\/\/68600.fr\/D6D\/wp-content\/uploads\/2023\/01\/20221026_161509786.-1536x864.jpg 1536w, https:\/\/68600.fr\/D6D\/wp-content\/uploads\/2023\/01\/20221026_161509786.-2048x1152.jpg 2048w\" sizes=\"auto, (max-width: 1024px) 100vw, 1024px\" \/><\/a><figcaption class=\"wp-element-caption\"><a href=\"https:\/\/68600.fr\/D6D\/creation-dune-boite-pour-insert-pour-rising-sun-gravure-sur-contreplaque-5mm\/\" data-type=\"URL\" data-id=\"https:\/\/68600.fr\/D6D\/creation-dune-boite-pour-insert-pour-rising-sun-gravure-sur-contreplaque-5mm\/\">Cr\u00e9ation d&rsquo;une boite Insert<\/a><\/figcaption><\/figure>\n\n\n\n<figure class=\"wp-block-image size-large\"><a href=\"https:\/\/68600.fr\/D6D\/gravure-laser-sur-bois-support-de-casque-moto\/\"><img loading=\"lazy\" decoding=\"async\" width=\"642\" height=\"1024\" data-id=\"497\" src=\"https:\/\/68600.fr\/D6D\/wp-content\/uploads\/2023\/02\/support-casque-moto2-642x1024.jpg\" alt=\"\" class=\"wp-image-497\" srcset=\"https:\/\/68600.fr\/D6D\/wp-content\/uploads\/2023\/02\/support-casque-moto2-642x1024.jpg 642w, https:\/\/68600.fr\/D6D\/wp-content\/uploads\/2023\/02\/support-casque-moto2-188x300.jpg 188w, https:\/\/68600.fr\/D6D\/wp-content\/uploads\/2023\/02\/support-casque-moto2.jpg 739w\" sizes=\"auto, (max-width: 642px) 100vw, 642px\" \/><\/a><figcaption class=\"wp-element-caption\"><a href=\"https:\/\/68600.fr\/D6D\/gravure-laser-sur-bois-support-de-casque-moto\/\" data-type=\"URL\" data-id=\"https:\/\/68600.fr\/D6D\/gravure-laser-sur-bois-support-de-casque-moto\/\">Support de Casque Moto<\/a><\/figcaption><\/figure>\n\n\n\n<figure class=\"wp-block-image size-large\"><a href=\"https:\/\/68600.fr\/D6D\/gravure-laser-sur-parquet\/\"><img loading=\"lazy\" decoding=\"async\" width=\"2560\" height=\"1440\" data-id=\"50\" src=\"https:\/\/68600.fr\/D6D\/wp-content\/uploads\/2022\/05\/PXL_20220503_135416175.MP_-scaled.jpg\" alt=\"Gravure Laser sur Parquet Flottant\" class=\"wp-image-50\" srcset=\"https:\/\/68600.fr\/D6D\/wp-content\/uploads\/2022\/05\/PXL_20220503_135416175.MP_-scaled.jpg 2560w, https:\/\/68600.fr\/D6D\/wp-content\/uploads\/2022\/05\/PXL_20220503_135416175.MP_-300x169.jpg 300w, https:\/\/68600.fr\/D6D\/wp-content\/uploads\/2022\/05\/PXL_20220503_135416175.MP_-1024x576.jpg 1024w, https:\/\/68600.fr\/D6D\/wp-content\/uploads\/2022\/05\/PXL_20220503_135416175.MP_-768x432.jpg 768w, https:\/\/68600.fr\/D6D\/wp-content\/uploads\/2022\/05\/PXL_20220503_135416175.MP_-1536x864.jpg 1536w, https:\/\/68600.fr\/D6D\/wp-content\/uploads\/2022\/05\/PXL_20220503_135416175.MP_-2048x1152.jpg 2048w\" sizes=\"auto, (max-width: 2560px) 100vw, 2560px\" \/><\/a><figcaption class=\"wp-element-caption\"><a href=\"https:\/\/68600.fr\/D6D\/gravure-laser-sur-parquet\/\" data-type=\"URL\" data-id=\"https:\/\/68600.fr\/D6D\/gravure-laser-sur-parquet\/\">Gravure Laser sur Parquet Flottant<\/a><\/figcaption><\/figure>\n\n\n\n<figure class=\"wp-block-image size-large\"><a href=\"https:\/\/68600.fr\/D6D\/gravure-laser-sur-une-ardoise\/\"><img loading=\"lazy\" decoding=\"async\" width=\"2560\" height=\"1440\" data-id=\"53\" src=\"https:\/\/68600.fr\/D6D\/wp-content\/uploads\/2022\/05\/PXL_20220504_114256240-scaled.jpg\" alt=\"Gravure Laser sur Ardoise\" class=\"wp-image-53\" srcset=\"https:\/\/68600.fr\/D6D\/wp-content\/uploads\/2022\/05\/PXL_20220504_114256240-scaled.jpg 2560w, https:\/\/68600.fr\/D6D\/wp-content\/uploads\/2022\/05\/PXL_20220504_114256240-300x169.jpg 300w, https:\/\/68600.fr\/D6D\/wp-content\/uploads\/2022\/05\/PXL_20220504_114256240-1024x576.jpg 1024w, https:\/\/68600.fr\/D6D\/wp-content\/uploads\/2022\/05\/PXL_20220504_114256240-768x432.jpg 768w, https:\/\/68600.fr\/D6D\/wp-content\/uploads\/2022\/05\/PXL_20220504_114256240-1536x864.jpg 1536w, https:\/\/68600.fr\/D6D\/wp-content\/uploads\/2022\/05\/PXL_20220504_114256240-2048x1152.jpg 2048w\" sizes=\"auto, (max-width: 2560px) 100vw, 2560px\" \/><\/a><figcaption class=\"wp-element-caption\"><a href=\"https:\/\/68600.fr\/D6D\/gravure-laser-sur-une-ardoise\/\" data-type=\"URL\" data-id=\"https:\/\/68600.fr\/D6D\/gravure-laser-sur-une-ardoise\/\">Gravure Laser sur Ardoise<\/a><\/figcaption><\/figure>\n\n\n\n<figure class=\"wp-block-image size-large\"><a href=\"https:\/\/68600.fr\/D6D\/gravure-laser-sur-planche-a-decouper\/\"><img loading=\"lazy\" decoding=\"async\" width=\"1440\" height=\"2560\" data-id=\"47\" src=\"https:\/\/68600.fr\/D6D\/wp-content\/uploads\/2022\/05\/PXL_20220504_130238632-scaled.jpg\" alt=\"Gravure Laser sur Planche \u00e0 d\u00e9couper\" class=\"wp-image-47\" srcset=\"https:\/\/68600.fr\/D6D\/wp-content\/uploads\/2022\/05\/PXL_20220504_130238632-scaled.jpg 1440w, https:\/\/68600.fr\/D6D\/wp-content\/uploads\/2022\/05\/PXL_20220504_130238632-169x300.jpg 169w, https:\/\/68600.fr\/D6D\/wp-content\/uploads\/2022\/05\/PXL_20220504_130238632-576x1024.jpg 576w, https:\/\/68600.fr\/D6D\/wp-content\/uploads\/2022\/05\/PXL_20220504_130238632-768x1365.jpg 768w, https:\/\/68600.fr\/D6D\/wp-content\/uploads\/2022\/05\/PXL_20220504_130238632-864x1536.jpg 864w, https:\/\/68600.fr\/D6D\/wp-content\/uploads\/2022\/05\/PXL_20220504_130238632-1152x2048.jpg 1152w\" sizes=\"auto, (max-width: 1440px) 100vw, 1440px\" \/><\/a><figcaption class=\"wp-element-caption\"><a href=\"https:\/\/68600.fr\/D6D\/gravure-laser-sur-planche-a-decouper\/\" data-type=\"URL\" data-id=\"https:\/\/68600.fr\/D6D\/gravure-laser-sur-planche-a-decouper\/\">Gravure Laser sur Planche \u00e0 d\u00e9couper<\/a><\/figcaption><\/figure>\n\n\n\n<figure class=\"wp-block-image size-large\"><a href=\"https:\/\/68600.fr\/D6D\/gravure-laser-sur-fruit-je-suis-une-pomme-dit-la-banane\/\"><img loading=\"lazy\" decoding=\"async\" width=\"2560\" height=\"1440\" data-id=\"224\" src=\"https:\/\/68600.fr\/D6D\/wp-content\/uploads\/2022\/07\/PXL_20220707_142316952.PORTRAIT-scaled.jpg\" alt=\"\" class=\"wp-image-224\" srcset=\"https:\/\/68600.fr\/D6D\/wp-content\/uploads\/2022\/07\/PXL_20220707_142316952.PORTRAIT-scaled.jpg 2560w, https:\/\/68600.fr\/D6D\/wp-content\/uploads\/2022\/07\/PXL_20220707_142316952.PORTRAIT-300x169.jpg 300w, https:\/\/68600.fr\/D6D\/wp-content\/uploads\/2022\/07\/PXL_20220707_142316952.PORTRAIT-1024x576.jpg 1024w, https:\/\/68600.fr\/D6D\/wp-content\/uploads\/2022\/07\/PXL_20220707_142316952.PORTRAIT-768x432.jpg 768w, https:\/\/68600.fr\/D6D\/wp-content\/uploads\/2022\/07\/PXL_20220707_142316952.PORTRAIT-1536x864.jpg 1536w, https:\/\/68600.fr\/D6D\/wp-content\/uploads\/2022\/07\/PXL_20220707_142316952.PORTRAIT-2048x1152.jpg 2048w\" sizes=\"auto, (max-width: 2560px) 100vw, 2560px\" \/><\/a><figcaption class=\"wp-element-caption\"><a href=\"https:\/\/68600.fr\/D6D\/gravure-laser-sur-fruit-je-suis-une-pomme-dit-la-banane\/\" data-type=\"URL\" data-id=\"https:\/\/68600.fr\/D6D\/gravure-laser-sur-fruit-je-suis-une-pomme-dit-la-banane\/\">Gravure sur Fruit &#8211; Banane<\/a><\/figcaption><\/figure>\n\n\n\n<figure class=\"wp-block-image size-large\"><a href=\"https:\/\/68600.fr\/D6D\/gravure-sur-ardoise-test-de-vue-alsacien\/\"><img loading=\"lazy\" decoding=\"async\" width=\"567\" height=\"1008\" data-id=\"208\" src=\"https:\/\/68600.fr\/D6D\/wp-content\/uploads\/2022\/07\/PXL_20220630_151633705.PORTRAIT.jpg\" alt=\"\" class=\"wp-image-208\" srcset=\"https:\/\/68600.fr\/D6D\/wp-content\/uploads\/2022\/07\/PXL_20220630_151633705.PORTRAIT.jpg 567w, https:\/\/68600.fr\/D6D\/wp-content\/uploads\/2022\/07\/PXL_20220630_151633705.PORTRAIT-169x300.jpg 169w\" sizes=\"auto, (max-width: 567px) 100vw, 567px\" \/><\/a><figcaption class=\"wp-element-caption\"><a href=\"https:\/\/68600.fr\/D6D\/gravure-sur-ardoise-test-de-vue-alsacien\/\" data-type=\"URL\" data-id=\"https:\/\/68600.fr\/D6D\/gravure-sur-ardoise-test-de-vue-alsacien\/\">Gravure sur Ardoise<\/a><\/figcaption><\/figure>\n<\/figure>\n\n\n\n<p>Il y a aussi quelques articles plus ou moins pertinents ou li\u00e9s \u00e0 D6D.. <\/p>\n\n\n\n<p>Et comme disait la pub.. Pour tout le reste.. il y a Mastercard .. enfin le mieux entre nous, serait tout de m\u00eame d&rsquo;utiliser le <a href=\"https:\/\/68600.fr\/D6D\/contact\/\" data-type=\"URL\" data-id=\"https:\/\/68600.fr\/D6D\/contact\/\">formulaire de contact<\/a> \ud83d\ude42<\/p>\n","protected":false},"excerpt":{"rendered":"<p>Par hasard ou par recommandation&#8230; vous voici ici, Bienvenue. Passionn\u00e9 de technologie, d&rsquo;automatisation, solveur de probl\u00e8mes&#8230; (mon histoire sur ce lien) le but de D6D n&rsquo;est pas de cr\u00e9er des milliers d&rsquo;unit\u00e9s et ni de g\u00e9n\u00e9rer des millions d&rsquo;euros, mais de proposer aux particuliers et acteurs locaux, des services li\u00e9s au monde num\u00e9rique, \u00e0 port\u00e9e [&hellip;]<\/p>\n","protected":false},"author":1,"featured_media":139,"parent":0,"menu_order":0,"comment_status":"closed","ping_status":"closed","template":"","meta":{"footnotes":""},"class_list":["post-306","page","type-page","status-publish","has-post-thumbnail","hentry"],"_links":{"self":[{"href":"https:\/\/68600.fr\/D6D\/wp-json\/wp\/v2\/pages\/306","targetHints":{"allow":["GET"]}}],"collection":[{"href":"https:\/\/68600.fr\/D6D\/wp-json\/wp\/v2\/pages"}],"about":[{"href":"https:\/\/68600.fr\/D6D\/wp-json\/wp\/v2\/types\/page"}],"author":[{"embeddable":true,"href":"https:\/\/68600.fr\/D6D\/wp-json\/wp\/v2\/users\/1"}],"replies":[{"embeddable":true,"href":"https:\/\/68600.fr\/D6D\/wp-json\/wp\/v2\/comments?post=306"}],"version-history":[{"count":6,"href":"https:\/\/68600.fr\/D6D\/wp-json\/wp\/v2\/pages\/306\/revisions"}],"predecessor-version":[{"id":517,"href":"https:\/\/68600.fr\/D6D\/wp-json\/wp\/v2\/pages\/306\/revisions\/517"}],"wp:featuredmedia":[{"embeddable":true,"href":"https:\/\/68600.fr\/D6D\/wp-json\/wp\/v2\/media\/139"}],"wp:attachment":[{"href":"https:\/\/68600.fr\/D6D\/wp-json\/wp\/v2\/media?parent=306"}],"curies":[{"name":"wp","href":"https:\/\/api.w.org\/{rel}","templated":true}]}}